{"id":15,"date":"2020-04-30T16:07:36","date_gmt":"2020-04-30T16:07:36","guid":{"rendered":"https:\/\/biolix.at\/?page_id=15"},"modified":"2024-09-13T14:10:58","modified_gmt":"2024-09-13T14:10:58","slug":"kontakt","status":"publish","type":"page","link":"https:\/\/biolix.at\/?page_id=15","title":{"rendered":"E-MOBILIT\u00c4T"},"content":{"rendered":"<div data-colibri-id=\"15-c1\" class=\"style-201 style-local-15-c1 position-relative\">\n<p>&nbsp;<\/p>\n<div data-colibri-component=\"section\" data-colibri-id=\"15-c2\" id=\"initial-content\" class=\"h-section h-section-global-spacing d-flex align-items-lg-center align-items-md-center align-items-center style-202 style-local-15-c2 position-relative\">\n<div class=\"h-section-grid-container h-section-boxed-container\">\n<div data-colibri-id=\"15-c3\" class=\"h-row-container gutters-row-lg-2 gutters-row-md-2 gutters-row-0 gutters-row-v-lg-2 gutters-row-v-md-2 gutters-row-v-2 style-203 style-local-15-c3 position-relative\">\n<div class=\"h-row justify-content-lg-center justify-content-md-center justify-content-center align-items-lg-stretch align-items-md-stretch align-items-stretch gutters-col-lg-2 gutters-col-md-2 gutters-col-0 gutters-col-v-lg-2 gutters-col-v-md-2 gutters-col-v-2\">\n<div class=\"h-column h-column-container d-flex h-col-lg-auto h-col-md-auto h-col-auto style-204-outer style-local-15-c4-outer\">\n<h2 data-colibri-id=\"15-c4\" class=\"d-flex h-flex-basis h-column__inner h-ui-empty-state-container h-px-lg-2 h-px-md-2 h-px-2 v-inner-lg-2 v-inner-md-2 v-inner-2 style-204 style-local-15-c4 position-relative\"><img loading=\"lazy\" decoding=\"async\" src=\"https:\/\/biolix.at\/wp-content\/uploads\/2021\/04\/biolix_Logo_EM_100-300x151.png\" alt=\"\" width=\"300\" height=\"151\" class=\"size-medium wp-image-394 aligncenter\" srcset=\"https:\/\/biolix.at\/wp-content\/uploads\/2021\/04\/biolix_Logo_EM_100-300x151.png 300w, https:\/\/biolix.at\/wp-content\/uploads\/2021\/04\/biolix_Logo_EM_100-1024x515.png 1024w, https:\/\/biolix.at\/wp-content\/uploads\/2021\/04\/biolix_Logo_EM_100-768x386.png 768w, https:\/\/biolix.at\/wp-content\/uploads\/2021\/04\/biolix_Logo_EM_100.png 1182w\" sizes=\"auto, (max-width: 300px) 100vw, 300px\" \/><\/h2>\n<p style=\"text-align: center;\">Die Zukunft der Mobilit\u00e4t ist elektrisch! E-Autos bieten eine umweltfreundliche und effiziente Alternative zu herk\u00f6mmlichen Fahrzeugen. Der Strom, den sie nutzen, ist nicht nur sauberer, sondern auch kosteng\u00fcnstiger als fossile Brennstoffe. In Kombination mit einer eigenen Photovoltaikanlage k\u00f6nnen Sie Ihren selbst erzeugten Solarstrom f\u00fcr Ihr E-Auto nutzen und so Ihren \u00f6kologischen Fu\u00dfabdruck weiter reduzieren.<\/p>\n<p style=\"text-align: center;\">Eine <strong>Wallbox<\/strong> in Verbindung mit einer Photovoltaikanlage ist die perfekte L\u00f6sung f\u00fcr Ihr Zuhause. Sie erm\u00f6glicht schnelles und sicheres Laden direkt vor Ort. Durch die Nutzung von eigenem Solarstrom reduzieren Sie Ihre Energiekosten und machen sich unabh\u00e4ngiger von steigenden Strompreisen. Mit Biolix erhalten Sie ma\u00dfgeschneiderte L\u00f6sungen f\u00fcr Ihre E-Mobilit\u00e4t und profitieren von unserer umfassenden Beratung und Installation.<\/p>\n<p style=\"text-align: center;\">Laden Sie Ihr E-Auto nachhaltig und bequem \u2013 mit Strom direkt von Ihrem Dach!<\/p>\n<\/div>\n<\/div>\n<\/div>\n<\/div>\n<\/div>\n<\/div>\n<p style=\"text-align: center;\">\n<p>&nbsp;<\/p>\n<p>&nbsp;<\/p>\n<p>&nbsp;<\/p>\n","protected":false},"excerpt":{"rendered":"<p>&nbsp; Die Zukunft der Mobilit\u00e4t ist elektrisch! E-Autos bieten eine umweltfreundliche und effiziente Alternative zu herk\u00f6mmlichen Fahrzeugen. Der Strom, den sie nutzen, ist nicht nur sauberer, sondern auch kosteng\u00fcnstiger als fossile Brennstoffe. In Kombination mit einer eigenen Photovoltaikanlage k\u00f6nnen Sie Ihren selbst erzeugten Solarstrom f\u00fcr Ihr E-Auto nutzen und so [&hellip;]<\/p>\n","protected":false},"author":1,"featured_media":233,"parent":0,"menu_order":6,"comment_status":"closed","ping_status":"closed","template":"","meta":{"footnotes":""},"class_list":["post-15","page","type-page","status-publish","has-post-thumbnail","hentry"],"_links":{"self":[{"href":"https:\/\/biolix.at\/index.php?rest_route=\/wp\/v2\/pages\/15","targetHints":{"allow":["GET"]}}],"collection":[{"href":"https:\/\/biolix.at\/index.php?rest_route=\/wp\/v2\/pages"}],"about":[{"href":"https:\/\/biolix.at\/index.php?rest_route=\/wp\/v2\/types\/page"}],"author":[{"embeddable":true,"href":"https:\/\/biolix.at\/index.php?rest_route=\/wp\/v2\/users\/1"}],"replies":[{"embeddable":true,"href":"https:\/\/biolix.at\/index.php?rest_route=%2Fwp%2Fv2%2Fcomments&post=15"}],"version-history":[{"count":16,"href":"https:\/\/biolix.at\/index.php?rest_route=\/wp\/v2\/pages\/15\/revisions"}],"predecessor-version":[{"id":476,"href":"https:\/\/biolix.at\/index.php?rest_route=\/wp\/v2\/pages\/15\/revisions\/476"}],"wp:featuredmedia":[{"embeddable":true,"href":"https:\/\/biolix.at\/index.php?rest_route=\/wp\/v2\/media\/233"}],"wp:attachment":[{"href":"https:\/\/biolix.at\/index.php?rest_route=%2Fwp%2Fv2%2Fmedia&parent=15"}],"curies":[{"name":"wp","href":"https:\/\/api.w.org\/{rel}","templated":true}]}}