{"id":16,"date":"2020-04-30T16:07:36","date_gmt":"2020-04-30T16:07:36","guid":{"rendered":"https:\/\/biolix.at\/?page_id=16"},"modified":"2021-04-09T11:22:11","modified_gmt":"2021-04-09T11:22:11","slug":"blog","status":"publish","type":"page","link":"https:\/\/biolix.at\/?page_id=16","title":{"rendered":"\u00d6KOSTROM"},"content":{"rendered":"<h1 style=\"text-align: center;\"><img loading=\"lazy\" decoding=\"async\" src=\"https:\/\/biolix.at\/wp-content\/uploads\/2021\/04\/biolix_Logo_ek_100-300x147.png\" alt=\"\" width=\"300\" height=\"147\" class=\"alignnone size-medium wp-image-396\" srcset=\"https:\/\/biolix.at\/wp-content\/uploads\/2021\/04\/biolix_Logo_ek_100-300x147.png 300w, https:\/\/biolix.at\/wp-content\/uploads\/2021\/04\/biolix_Logo_ek_100-1024x502.png 1024w, https:\/\/biolix.at\/wp-content\/uploads\/2021\/04\/biolix_Logo_ek_100-768x377.png 768w, https:\/\/biolix.at\/wp-content\/uploads\/2021\/04\/biolix_Logo_ek_100.png 1205w\" sizes=\"auto, (max-width: 300px) 100vw, 300px\" \/><\/h1>\n<h1 style=\"text-align: center;\">Wir tragen Verantwortung<\/h1>\n<p style=\"text-align: center;\"><span style=\"color: #333333;\"><a href=\"https:\/\/www.efriends.at\/\" style=\"color: #333333;\">Wer selbst \u00d6kostrom erzeugt, sollte auch \u00d6kostrom kaufen! <\/a><\/span><a href=\"https:\/\/www.efriends.at\/\"><span style=\"color: #333333;\">Wir empfehlen:<\/span><br \/>\n<img loading=\"lazy\" decoding=\"async\" src=\"https:\/\/biolix.at\/wp-content\/uploads\/2020\/07\/eFriends-logo-300x125.png\" alt=\"\" width=\"300\" height=\"125\" class=\"size-medium wp-image-308 aligncenter\" style=\"font-size: 18px;\" srcset=\"https:\/\/biolix.at\/wp-content\/uploads\/2020\/07\/eFriends-logo-300x125.png 300w, https:\/\/biolix.at\/wp-content\/uploads\/2020\/07\/eFriends-logo-1024x427.png 1024w, https:\/\/biolix.at\/wp-content\/uploads\/2020\/07\/eFriends-logo-768x320.png 768w, https:\/\/biolix.at\/wp-content\/uploads\/2020\/07\/eFriends-logo-1536x641.png 1536w, https:\/\/biolix.at\/wp-content\/uploads\/2020\/07\/eFriends-logo-2048x854.png 2048w\" sizes=\"auto, (max-width: 300px) 100vw, 300px\" \/><\/a><\/p>\n<p style=\"text-align: center;\"><a href=\"https:\/\/www.efriends.at\/\">eFriends<\/a> <span style=\"color: #333333;\">erm\u00f6glicht es, unabh\u00e4ngig von gro\u00dfen Stromkonzernen hausgemachten \u00d6kostrom zu teilen. Die revolution\u00e4re Technik steckt in den Z\u00e4hlerk\u00e4sten und kann \u00fcber die eFriend-App gesteuert werden.<\/span><\/p>\n<p style=\"text-align: center;\"><a href=\"https:\/\/oekostrom.at\/\"><img loading=\"lazy\" decoding=\"async\" src=\"https:\/\/biolix.at\/wp-content\/uploads\/2020\/07\/oekostromag-logo-300x130.jpg\" alt=\"\" width=\"300\" height=\"130\" class=\"size-medium wp-image-311 aligncenter\" srcset=\"https:\/\/biolix.at\/wp-content\/uploads\/2020\/07\/oekostromag-logo-300x130.jpg 300w, https:\/\/biolix.at\/wp-content\/uploads\/2020\/07\/oekostromag-logo-768x332.jpg 768w, https:\/\/biolix.at\/wp-content\/uploads\/2020\/07\/oekostromag-logo.jpg 928w\" sizes=\"auto, (max-width: 300px) 100vw, 300px\" \/><\/a><span style=\"color: #333333;\">Die<\/span> <a href=\"https:\/\/oekostrom.at\/\">oekostrom AG<\/a><span style=\"color: #333333;\"> verspricht 100% erneuerbaren Strom, der garantiert frei von CO2 und Atomstrom ist. Mit mehr als 1.500 Kleinkraftwerksbetreibern in \u00d6sterreich investiert oekostrom in eine saubere Energiezukunft.<\/span><\/p>\n<p>&nbsp;<\/p>\n<p>&nbsp;<\/p>\n","protected":false},"excerpt":{"rendered":"<p>Wir tragen Verantwortung Wer selbst \u00d6kostrom erzeugt, sollte auch \u00d6kostrom kaufen! Wir empfehlen: eFriends erm\u00f6glicht es, unabh\u00e4ngig von gro\u00dfen Stromkonzernen hausgemachten \u00d6kostrom zu teilen. Die revolution\u00e4re Technik steckt in den Z\u00e4hlerk\u00e4sten und kann \u00fcber die eFriend-App gesteuert werden. Die oekostrom AG verspricht 100% erneuerbaren Strom, der garantiert frei von CO2 [&hellip;]<\/p>\n","protected":false},"author":1,"featured_media":422,"parent":0,"menu_order":2,"comment_status":"closed","ping_status":"closed","template":"","meta":{"footnotes":""},"class_list":["post-16","page","type-page","status-publish","has-post-thumbnail","hentry"],"_links":{"self":[{"href":"https:\/\/biolix.at\/index.php?rest_route=\/wp\/v2\/pages\/16","targetHints":{"allow":["GET"]}}],"collection":[{"href":"https:\/\/biolix.at\/index.php?rest_route=\/wp\/v2\/pages"}],"about":[{"href":"https:\/\/biolix.at\/index.php?rest_route=\/wp\/v2\/types\/page"}],"author":[{"embeddable":true,"href":"https:\/\/biolix.at\/index.php?rest_route=\/wp\/v2\/users\/1"}],"replies":[{"embeddable":true,"href":"https:\/\/biolix.at\/index.php?rest_route=%2Fwp%2Fv2%2Fcomments&post=16"}],"version-history":[{"count":20,"href":"https:\/\/biolix.at\/index.php?rest_route=\/wp\/v2\/pages\/16\/revisions"}],"predecessor-version":[{"id":421,"href":"https:\/\/biolix.at\/index.php?rest_route=\/wp\/v2\/pages\/16\/revisions\/421"}],"wp:featuredmedia":[{"embeddable":true,"href":"https:\/\/biolix.at\/index.php?rest_route=\/wp\/v2\/media\/422"}],"wp:attachment":[{"href":"https:\/\/biolix.at\/index.php?rest_route=%2Fwp%2Fv2%2Fmedia&parent=16"}],"curies":[{"name":"wp","href":"https:\/\/api.w.org\/{rel}","templated":true}]}}