{"id":38,"date":"2020-04-30T16:13:50","date_gmt":"2020-04-30T16:13:50","guid":{"rendered":"https:\/\/biolix.at\/?page_id=38"},"modified":"2024-09-13T14:17:30","modified_gmt":"2024-09-13T14:17:30","slug":"colibri-wp","status":"publish","type":"page","link":"https:\/\/biolix.at\/","title":{"rendered":"STARTSEITE"},"content":{"rendered":"<h1 style=\"text-align: center;\">\u00dcber uns<\/h1>\n<p style=\"text-align: center;\">Biolix Photovoltaik ist Ihr vertrauensw\u00fcrdiger Partner f\u00fcr erstklassige Photovoltaikanlagen und nachhaltige Energiel\u00f6sungen. Unser Unternehmen hat seinen Standort in Gerasdorf und bietet umfassende Dienstleistungen f\u00fcr Kunden in ganz Wien und Nieder\u00f6sterreich an.<\/p>\n<p style=\"text-align: center;\">Wir begleiten Sie durch den gesamten Prozess der Photovoltaikanlagen-Installation \u2013 von der Planung und Montage bis zur Einreichung von F\u00f6rderungen und umfassender Beratung. Unser erfahrenes Team von Experten sorgt daf\u00fcr, dass Ihre Solaranlage optimal auf Ihre Bed\u00fcrfnisse abgestimmt ist und die h\u00f6chsten Qualit\u00e4tsstandards erf\u00fcllt.<\/p>\n<p style=\"text-align: center;\">Bei Biolix Photovoltaik setzen wir auf moderne Technologien und ma\u00dfgeschneiderte L\u00f6sungen, um Ihnen eine effiziente und nachhaltige Energieversorgung zu bieten. Vertrauen Sie auf unsere Expertise und profitieren Sie von einer zuverl\u00e4ssigen und zukunftssicheren Solarstroml\u00f6sung f\u00fcr Ihr Zuhause oder Ihr Unternehmen.<\/p>\n<p>&nbsp;<\/p>\n","protected":false},"excerpt":{"rendered":"<p>\u00dcber uns Biolix Photovoltaik ist Ihr vertrauensw\u00fcrdiger Partner f\u00fcr erstklassige Photovoltaikanlagen und nachhaltige Energiel\u00f6sungen. Unser Unternehmen hat seinen Standort in Gerasdorf und bietet umfassende Dienstleistungen f\u00fcr Kunden in ganz Wien und Nieder\u00f6sterreich an. Wir begleiten Sie durch den gesamten Prozess der Photovoltaikanlagen-Installation \u2013 von der Planung und Montage bis zur [&hellip;]<\/p>\n","protected":false},"author":1,"featured_media":0,"parent":0,"menu_order":1,"comment_status":"closed","ping_status":"closed","template":"","meta":{"footnotes":""},"class_list":["post-38","page","type-page","status-publish","hentry"],"_links":{"self":[{"href":"https:\/\/biolix.at\/index.php?rest_route=\/wp\/v2\/pages\/38","targetHints":{"allow":["GET"]}}],"collection":[{"href":"https:\/\/biolix.at\/index.php?rest_route=\/wp\/v2\/pages"}],"about":[{"href":"https:\/\/biolix.at\/index.php?rest_route=\/wp\/v2\/types\/page"}],"author":[{"embeddable":true,"href":"https:\/\/biolix.at\/index.php?rest_route=\/wp\/v2\/users\/1"}],"replies":[{"embeddable":true,"href":"https:\/\/biolix.at\/index.php?rest_route=%2Fwp%2Fv2%2Fcomments&post=38"}],"version-history":[{"count":34,"href":"https:\/\/biolix.at\/index.php?rest_route=\/wp\/v2\/pages\/38\/revisions"}],"predecessor-version":[{"id":478,"href":"https:\/\/biolix.at\/index.php?rest_route=\/wp\/v2\/pages\/38\/revisions\/478"}],"wp:attachment":[{"href":"https:\/\/biolix.at\/index.php?rest_route=%2Fwp%2Fv2%2Fmedia&parent=38"}],"curies":[{"name":"wp","href":"https:\/\/api.w.org\/{rel}","templated":true}]}}